{"id":236,"date":"2025-07-04T17:36:28","date_gmt":"2025-07-04T17:36:28","guid":{"rendered":"https:\/\/globtos.com\/main\/"},"modified":"2026-03-04T11:33:49","modified_gmt":"2026-03-04T11:33:49","slug":"home","status":"publish","type":"page","link":"https:\/\/globtos.com\/en\/","title":{"rendered":"Home"},"content":{"rendered":"\n<section class=\"wp-block-kzrnamespace-homepage-banner banner\"><div class=\"container\"><div class=\"banner-data\"><div class=\"row\"><div class=\"col-lg-12\"><div class=\"banner-info\"><h1>Ball valve manufacturer. Fully welded solutions DN10\u2013DN1400.<\/h1><div><h3><strong><span style=\"color: #29abe3;\">GLOBTOS<\/span><\/strong><\/h3>\n<h3>&ndash; proven design<\/h3>\n<h3>without compromise.<\/h3><\/div><div class=\"banner-btns\"><a href=\"https:\/\/globtos.com\/en\/shop\/\" class=\"btn btn-light modal-link\">View our products<\/a><a href=\"https:\/\/globtos.com\/en\/about-us\/\" class=\"btn btn-secondary\">About Us<i class=\"bi bi-arrow-right-circle-fill\"><\/i><\/a><\/div><\/div><\/div><\/div><\/div><\/div><\/section>\n\n\n\n<div style=\"height:80px\" aria-hidden=\"true\" class=\"wp-block-spacer\"><\/div>\n\n\n\n<section class=\"product-grid\" class=\"wp-block-kzrnamespace-product-cards\"><div class=\"container\"><div class=\"owl-carousel owl-theme product-grid-carousel\"><div class=\"item\"><div class=\"product-card\"><div class=\"product-card-img\"><img decoding=\"async\" src=\"https:\/\/globtos.com\/wp-content\/uploads\/2026\/02\/zawory-kulowe.webp\" alt=\"\"\/><\/div><div class=\"product-card-info\"><h3>Ball Valves<\/h3><div><p data-path-to-node=\"3\">GLOBTOS fully welded ball valves guarantee maximum tightness and long-term reliability in demanding industrial installations and modern district heating networks.<\/p><\/div><a href=\"https:\/\/globtos.com\/en\/globtos-standard-ball-valves\/\" class=\"btn btn-light\">View Offer<i class=\"bi bi-arrow-right-circle-fill\"><\/i><\/a><\/div><\/div><\/div><div class=\"item\"><div class=\"product-card\"><div class=\"product-card-img\"><img decoding=\"async\" src=\"https:\/\/globtos.com\/wp-content\/uploads\/2026\/02\/preizolowne.webp\" alt=\"\"\/><\/div><div class=\"product-card-info\"><h3>Pre-insulated Solutions<\/h3><div><p data-path-to-node=\"5\">GLOBTOS fully welded pre-insulated valves ensure superior tightness and long-lasting durability in underground district heating networks, confirmed by full compliance with the rigorous EN 488 standard.<\/p><\/div><a href=\"https:\/\/globtos.com\/zawory-kulowe-preizolowane-do-sieci-cieplowniczych-charakterystyka-techniczna-i-wymiary\/\" class=\"btn btn-light\">View Offer<i class=\"bi bi-arrow-right-circle-fill\"><\/i><\/a><\/div><\/div><\/div><div class=\"item\"><div class=\"product-card\"><div class=\"product-card-img\"><img decoding=\"async\" src=\"https:\/\/globtos.com\/wp-content\/uploads\/2026\/02\/wcinka-na-goraco.webp\" alt=\"\"\/><\/div><div class=\"product-card-info\"><h3>Hot Tapping<\/h3><div><p data-path-to-node=\"7\">Hot tapping technology up to DN1400 enables rapid expansion and modernization of live pipelines without the need for network shutdowns or generating costly downtime.<\/p><\/div><a href=\"https:\/\/globtos.com\/en\/hot-tapping-technology\/\" class=\"btn btn-light\">View Offer<i class=\"bi bi-arrow-right-circle-fill\"><\/i><\/a><\/div><\/div><\/div><\/div><\/div><\/section>\n\n\n\n<div style=\"height:80px\" aria-hidden=\"true\" class=\"wp-block-spacer\"><\/div>\n\n\n\n<section class=\"wp-block-globtos-blocks-benefits-block benefits-block\"><div class=\"container\"><div class=\"block-inner\"><div class=\"block-title-sec text-center\"><div><h2><span style=\"color: #29abe3;\">BALL VALVES<\/span> &ndash; in stock &amp; ready to ship<\/h2><\/div><p>Valves designed for harsh environments. Rapid availability and direct technical support from the manufacturer.<\/p><\/div><div class=\"benefits-wrap\"><div class=\"benefit-list-sec\"><div class=\"benefit-list-inner\"><div class=\"benefit-list-row\"><div class=\"benefit-data\"><div class=\"benefit-icon\"><img decoding=\"async\" src=\"https:\/\/globtos.com\/wp-content\/uploads\/2026\/01\/Global-business.svg\" alt=\"\"\/><\/div><div class=\"benefit-content\"><h3>Direct from Manufacturer<\/h3><p>No intermediaries means better pricing, fast decision-making, and comprehensive support.<\/p><\/div><\/div><div class=\"benefit-data\"><div class=\"benefit-icon\"><img decoding=\"async\" src=\"https:\/\/globtos.com\/wp-content\/uploads\/2026\/01\/Package-design_5.svg\" alt=\"\"\/><\/div><div class=\"benefit-content\"><h3>In-House Inventory<\/h3><p>35,000+ valves in stock at our Wroc\u0142aw facility in Central Europe \u2013 available for immediate delivery.<\/p><\/div><\/div><div class=\"benefit-data\"><div class=\"benefit-icon\"><img decoding=\"async\" src=\"https:\/\/globtos.com\/wp-content\/uploads\/2026\/01\/Business-on-the-go_6.svg\" alt=\"\"\/><\/div><div class=\"benefit-content\"><h3>24-Hour Shipping<\/h3><p>Orders placed by 12:00 PM are dispatched the same business day.<\/p><\/div><\/div><div class=\"benefit-data\"><div class=\"benefit-icon\"><img decoding=\"async\" src=\"https:\/\/globtos.com\/wp-content\/uploads\/2026\/01\/Check-1.svg\" alt=\"\"\/><\/div><div class=\"benefit-content\"><h3>Technical Consulting<\/h3><p>Expert valve selection tailored to specific media, temperature, and PN (nominal pressure) requirements.<\/p><\/div><\/div><div class=\"benefit-data\"><div class=\"benefit-icon\"><img decoding=\"async\" src=\"https:\/\/globtos.com\/wp-content\/uploads\/2026\/01\/Configure.svg\" alt=\"\"\/><\/div><div class=\"benefit-content\"><h3>24\/7 Service &amp; Support<\/h3><p>Priority response times and guaranteed access to spare parts under framework agreements.<\/p><\/div><\/div><div class=\"benefit-data\"><div class=\"benefit-icon\"><img decoding=\"async\" src=\"https:\/\/globtos.com\/wp-content\/uploads\/2026\/01\/Feedback.svg\" alt=\"\"\/><\/div><div class=\"benefit-content\"><h3>Proven Experience<\/h3><p>Technology trusted by engineers for over 35 years.<\/p><\/div><\/div><\/div><div class=\"web-btn\"><a href=\"https:\/\/globtos.com\/en\/shop\/\" class=\"btn btn-light\">Order Today<i class=\"bi bi-arrow-right-circle-fill\"><\/i><\/a><\/div><\/div><\/div><div class=\"benefit-imgs-slider\"><div class=\"owl-carousel owl-theme images-carousel\"><div class=\"item\"><div class=\"slider-img\"><img decoding=\"async\" src=\"https:\/\/globtos.com\/wp-content\/uploads\/2026\/02\/zawory-kulowe-globtos.webp\" alt=\"\"\/><\/div><\/div><\/div><\/div><\/div><\/div><\/div><\/section>\n\n\n\n<section class=\"wp-block-globtos-blocks-advantages-block advantages-block\"><div class=\"container\"><div class=\"block-inner\"><div class=\"block-title-sec text-center\"><div><h2><span style=\"color: #29abe3;\">HOT TAPPING <\/span><\/h2>\n<h2>&#8211; new connections without system shutdown<\/h2>\n<p class=\"p1\">&nbsp;<\/p><\/div><\/div><div class=\"advantages-wrap\"><div class=\"row flex-row-reverse\"><div class=\"col-xl-6\"><div class=\"advantages-content\"><div class=\"advantage-desc\"><div><p>Hot tapping technology allows for new branch connections to be made on live pipelines without interrupting the flow of the medium.<\/p>\n<p>A tapping machine is mounted onto a welded GLOBTOS valve, creating a leak-tight and secure connection.<\/p>\n<p>We perform hot tapping up to DN1400 &ndash; as the only provider in Poland and one of the few in Europe.<\/p><\/div><\/div><div class=\"advantage-list\"><h3>Key Advantages<\/h3><ul><li>Durable all-welded construction<\/li><li>Dry stem design = zero leakage and no corrosion<\/li><li>Full compliance with EN 488 and ISO 5211<\/li><li>Seamless integration with pre-insulated pipe systems<\/li><\/ul><\/div><div class=\"web-btn\"><a href=\"#\" class=\"btn btn-light\">Order today<i class=\"bi bi-arrow-right-circle-fill\"><\/i><\/a><\/div><\/div><\/div><div class=\"col-xl-6\"><div class=\"owl-carousel owl-theme images-carousel\"><div class=\"item\"><div class=\"slider-img\"><img decoding=\"async\" src=\"https:\/\/globtos.com\/wp-content\/uploads\/2026\/02\/zawory-wcinka-na-goraco-Globtos-1-2.webp\" alt=\"\"\/><\/div><\/div><\/div><\/div><\/div><\/div><\/div><\/div><\/section>\n\n\n\n<section class=\"wp-block-globtos-blocks-advantages-block advantages-block bg-gray\"><div class=\"container\"><div class=\"block-inner\"><div class=\"block-title-sec text-center\"><div><h2><span style=\"color: #29abe3;\">PRE-INSULATION <br \/><\/span>&#8211; zero leaks in undergound networks<\/h2>\n<p data-path-to-node=\"3\">&nbsp;<\/p><\/div><\/div><div class=\"advantages-wrap\"><div class=\"row \"><div class=\"col-xl-6\"><div class=\"advantages-content\"><div class=\"advantage-desc\"><div><p>GLOBTOS pre-insulated valves are compliant with the EN 488 standard and feature a dry stem design, guaranteeing the highest level of sealing integrity.<\/p>\n<p>Thanks to a construction where the stem does not come into contact with the medium, these valves maintain full functionality for decades &ndash; even in demanding underground environments.<\/p>\n<p>We perform hot tapping up to DN1400 &ndash; as the only provider in Poland and one of the few in Europe.<\/p><\/div><\/div><div class=\"advantage-list\"><h3>Advantages<\/h3><ul><li>Durable all-welded construction<\/li><li>Dry stem design = zero leakage and no corrosion<\/li><li>Full compliance with EN 488 and ISO 5211<\/li><li>Seamless integration with pre-insulated pipe systems<\/li><\/ul><\/div><div class=\"web-btn\"><a href=\"https:\/\/globtos.com\/sklep\/\" class=\"btn btn-light\">Order today<i class=\"bi bi-arrow-right-circle-fill\"><\/i><\/a><\/div><\/div><\/div><div class=\"col-xl-6\"><div class=\"owl-carousel owl-theme images-carousel\"><div class=\"item\"><div class=\"slider-img\"><img decoding=\"async\" src=\"https:\/\/globtos.com\/wp-content\/uploads\/2026\/02\/preizolacja-zawory-kulowe-globtos.webp\" alt=\"\"\/><\/div><\/div><\/div><\/div><\/div><\/div><\/div><\/div><\/section>\n\n\n\n<div style=\"height:80px\" aria-hidden=\"true\" class=\"wp-block-spacer\"><\/div>\n\n\n\n<section class=\"wp-block-globtos-blocks-map-block map-block\"><div class=\"container\"><div class=\"block-inner\"><div class=\"block-title-sec text-center\"><div><h2>Where do our valves work?<\/h2><\/div><p>GLOBTOS boasts decades of experience. Our valves operate in hundreds of thousands of installations across 5 continents \u2013 delivering consistent performance and predictable reliability.<\/p><\/div><div class=\"row\"><div class=\"col-xl-6\"><div class=\"map-b-content\"><ul><li>District Heating &amp; Pre-insulated Networks<\/li><li>Chilled Water Systems<\/li><li>Technical Vacuum<\/li><li>Industry &amp; Power Generation<\/li><\/ul><\/div><\/div><div class=\"col-xl-6\"><div class=\"map-b-map-sec\"><img decoding=\"async\" src=\"https:\/\/globtos.com\/wp-content\/plugins\/globto-blocks\/images\/map.svg\" alt=\"map\"\/><div class=\"map-pin-text\"><div class=\"map-pin\"><img decoding=\"async\" src=\"https:\/\/globtos.com\/wp-content\/uploads\/2026\/01\/map-pin.svg\" alt=\"\"\/><\/div><div class=\"map-text\"><p>Worldwide shipping to any location<\/p><\/div><\/div><\/div><\/div><\/div><\/div><\/div><\/section>\n\n\n\n<div style=\"height:80px\" aria-hidden=\"true\" class=\"wp-block-spacer\"><\/div>\n\n\n\n<section class=\"wp-block-globtos-blocks-certificates-block certificates-block\"><div class=\"container\"><div class=\"block-inner\"><div class=\"certificates-wrap\"><div class=\"certificates-content\"><div class=\"block-title-sec\"><div><h2>Standards and Norms<\/h2>\n<p data-path-to-node=\"2\">&nbsp;<\/p><\/div><p>EN 12266-1\/ISO 5208 \u2022 EN 488 \u2022 ISO 5211 \u2022 PN16\/25\/40<\/p><\/div><div class=\"certificates-desc\"><div><p data-path-to-node=\"2\">We engineer our valves for decades of trouble-free operation. The fully welded construction ensures a compact design, high mechanical strength, and an extended service life. Class A tightness is the standard across our entire production line.<\/p><\/div><\/div><\/div><div class=\"certificates-images\"><div class=\"certificate-img\"><img decoding=\"async\" src=\"https:\/\/globtos.com\/wp-content\/uploads\/2026\/02\/FWBV-PL-deklaracja-wlasciwosci-KDWU-na-P-10.webp\" alt=\"\"\/><\/div><div class=\"certificate-img\"><img decoding=\"async\" src=\"https:\/\/globtos.com\/wp-content\/uploads\/2026\/02\/FWBV_PL_Certyfikat_ISO_3834-2_TUV_2023-2027-11.webp\" alt=\"\"\/><\/div><div class=\"certificate-img\"><img decoding=\"async\" src=\"https:\/\/globtos.com\/wp-content\/uploads\/2026\/02\/FWBV-PL-deklaracja-wlasciwosci-KDWU-na-P-10.webp\" alt=\"\"\/><\/div><\/div><\/div><\/div><\/div><\/section>\n\n\n\n<div style=\"height:80px\" aria-hidden=\"true\" class=\"wp-block-spacer\"><\/div>\n\n\n      <section class=\"reviews-carousel\">\n        <div class=\"container\">\n          <div class=\"reviews-carousel-data\">\n            <div class=\"block-title-sec text-center\">\n              <h2>Proven in the field<\/h2>              <p class=\"sub-heading\">97.8% customer retention rate. See what our clients say.<\/p>\n            <\/div>\n            <div class=\"owl-carousel owl-theme\">\n                              <div class=\"item\">\n                  <div class=\"review-card\">\n                    <img decoding=\"async\" src=\"https:\/\/globtos.com\/wp-content\/themes\/globtos-wp\/images\/quotation.png\" alt=\"\">\n                    <div>\n<p>My cooperation with Globtos has been going on for nearly 3 years. Together we have carried out network construction and modernization projects in Pozna\u0144, Szczecin, and the Tri-City area. My experience has been entirely positive \u2014 the approach to the customer is exemplary.<\/p>\n<\/div>\n                    <div class=\"review-item-bottom\">\n                      <div>\n                        <h3>\n                                                  <\/h3>\n                        \n                      <\/div>\n                      <div>\n                                                                                              <\/div>\n                    <\/div>\n                  <\/div>\n                <\/div>\n                              <div class=\"item\">\n                  <div class=\"review-card\">\n                    <img decoding=\"async\" src=\"https:\/\/globtos.com\/wp-content\/themes\/globtos-wp\/images\/quotation.png\" alt=\"\">\n                    <div>\n<p>I recommend with a clear conscience. Professional approach to the customer, constant contact, and high-level advisory service. Products of very good quality, shipped express. We will definitely stay with Globtos for a long time.<\/p>\n<\/div>\n                    <div class=\"review-item-bottom\">\n                      <div>\n                        <h3>\n                                                  <\/h3>\n                        \n                      <\/div>\n                      <div>\n                                                                                              <\/div>\n                    <\/div>\n                  <\/div>\n                <\/div>\n                              <div class=\"item\">\n                  <div class=\"review-card\">\n                    <img decoding=\"async\" src=\"https:\/\/globtos.com\/wp-content\/themes\/globtos-wp\/images\/quotation.png\" alt=\"\">\n                    <div>\n<p>We recommend this company with full confidence. Professionalism, fast delivery, and quality worth recommending.<\/p>\n<\/div>\n                    <div class=\"review-item-bottom\">\n                      <div>\n                        <h3>\n                                                  <\/h3>\n                        \n                      <\/div>\n                      <div>\n                                                                                              <\/div>\n                    <\/div>\n                  <\/div>\n                <\/div>\n                          <\/div>\n          <\/div>\n        <\/div>\n      <\/section>\n      \n\n\n<div style=\"height:80px\" aria-hidden=\"true\" class=\"wp-block-spacer\"><\/div>\n\n\n      <section class=\"blogs-grid\">\n        <div class=\"container\">\n          <div class=\"blogs-grid-data\">\n            <div class=\"block-title-sec text-center\">\n              <h2>Knowladge Hub<\/h2>              <p class=\"sub-heading\">Our articles are authored by practitioners \u2013 Globtos technical advisors who provide daily support for projects worldwide<\/p>\n            <\/div>\n            <div class=\"blog-carousel-wrap\">\n              <div class=\"owl-carousel owl-theme blog-carousel\">\n                                    <div class=\"item\">\n                      <div class=\"blog-card\">\n                        <div class=\"blog-card-img\">\n                          <img loading=\"lazy\" decoding=\"async\" width=\"300\" height=\"208\" src=\"https:\/\/globtos.com\/wp-content\/uploads\/2025\/07\/zawor-cieplowniczy-Globtos-300x208.webp\" class=\"attachment-medium size-medium wp-post-image\" alt=\"zaw\u00f3r kulowy ko\u0142nierzowy w instalacji ciep\u0142owniczej podczas monta\u017cu \u2013 armatura globtos w komorze technicznej\" srcset=\"https:\/\/globtos.com\/wp-content\/uploads\/2025\/07\/zawor-cieplowniczy-Globtos-300x208.webp 300w, https:\/\/globtos.com\/wp-content\/uploads\/2025\/07\/zawor-cieplowniczy-Globtos-1024x709.webp 1024w, https:\/\/globtos.com\/wp-content\/uploads\/2025\/07\/zawor-cieplowniczy-Globtos-768x532.webp 768w, https:\/\/globtos.com\/wp-content\/uploads\/2025\/07\/zawor-cieplowniczy-Globtos-32x22.webp 32w, https:\/\/globtos.com\/wp-content\/uploads\/2025\/07\/zawor-cieplowniczy-Globtos-600x416.webp 600w, https:\/\/globtos.com\/wp-content\/uploads\/2025\/07\/zawor-cieplowniczy-Globtos.webp 1200w\" sizes=\"auto, (max-width: 300px) 100vw, 300px\" \/>                        <\/div>\n                        <div class=\"blog-card-info\">\n                          <h3>What Does a Good Ball Valve Really Consist Of?<\/h3>\n                          <p>Materials, construction and standards that determine durability in district heating networksAt first glance, a ball valve is simply a piece of steel with a ball inside. In practice,<\/p>\n                          <div class=\"web-btn d-flex\">\n                            <a href=\"https:\/\/globtos.com\/en\/what-does-a-good-ball-valve-really-consist-of\/\" class=\"btn btn-light d-flex align-items-center\">Read more<i class=\"bi bi-arrow-right-circle-fill\"><\/i><\/a>\n                          <\/div>\n                        <\/div>\n                      <\/div>\n                    <\/div>\n                                      <div class=\"item\">\n                      <div class=\"blog-card\">\n                        <div class=\"blog-card-img\">\n                          <img loading=\"lazy\" decoding=\"async\" width=\"300\" height=\"194\" src=\"https:\/\/globtos.com\/wp-content\/uploads\/2026\/02\/zawory-wcinka-na-goraco-Globtos-1-300x194.webp\" class=\"attachment-medium size-medium wp-post-image\" alt=\"wcinka na gor\u0105co w sieci ciep\u0142owniczej \u2013 monta\u017c armatury globtos podczas prac pod ci\u015bnieniem\" srcset=\"https:\/\/globtos.com\/wp-content\/uploads\/2026\/02\/zawory-wcinka-na-goraco-Globtos-1-300x194.webp 300w, https:\/\/globtos.com\/wp-content\/uploads\/2026\/02\/zawory-wcinka-na-goraco-Globtos-1-1024x663.webp 1024w, https:\/\/globtos.com\/wp-content\/uploads\/2026\/02\/zawory-wcinka-na-goraco-Globtos-1-768x497.webp 768w, https:\/\/globtos.com\/wp-content\/uploads\/2026\/02\/zawory-wcinka-na-goraco-Globtos-1-1536x995.webp 1536w, https:\/\/globtos.com\/wp-content\/uploads\/2026\/02\/zawory-wcinka-na-goraco-Globtos-1-32x21.webp 32w, https:\/\/globtos.com\/wp-content\/uploads\/2026\/02\/zawory-wcinka-na-goraco-Globtos-1-1568x1015.webp 1568w, https:\/\/globtos.com\/wp-content\/uploads\/2026\/02\/zawory-wcinka-na-goraco-Globtos-1-600x389.webp 600w, https:\/\/globtos.com\/wp-content\/uploads\/2026\/02\/zawory-wcinka-na-goraco-Globtos-1.webp 1921w\" sizes=\"auto, (max-width: 300px) 100vw, 300px\" \/>                        <\/div>\n                        <div class=\"blog-card-info\">\n                          <h3>Hot Tapping Technology<\/h3>\n                          <p>Hot tapping is the most effective method for modernising and expanding active district heating and industrial pipelines. It enables a new branch connection to be made without shutting<\/p>\n                          <div class=\"web-btn d-flex\">\n                            <a href=\"https:\/\/globtos.com\/en\/hot-tapping-technology\/\" class=\"btn btn-light d-flex align-items-center\">Read more<i class=\"bi bi-arrow-right-circle-fill\"><\/i><\/a>\n                          <\/div>\n                        <\/div>\n                      <\/div>\n                    <\/div>\n                                      <div class=\"item\">\n                      <div class=\"blog-card\">\n                        <div class=\"blog-card-img\">\n                          <img loading=\"lazy\" decoding=\"async\" width=\"300\" height=\"197\" src=\"https:\/\/globtos.com\/wp-content\/uploads\/2026\/02\/zawory_preizolowane_Globtos-300x197.webp\" class=\"attachment-medium size-medium wp-post-image\" alt=\"stoisko globtos z zaworami do preizolacji \u2013 ekspozycja zawor\u00f3w kulowych z przed\u0142u\u017conym trzpieniem\" srcset=\"https:\/\/globtos.com\/wp-content\/uploads\/2026\/02\/zawory_preizolowane_Globtos-300x197.webp 300w, https:\/\/globtos.com\/wp-content\/uploads\/2026\/02\/zawory_preizolowane_Globtos-1024x673.webp 1024w, https:\/\/globtos.com\/wp-content\/uploads\/2026\/02\/zawory_preizolowane_Globtos-768x505.webp 768w, https:\/\/globtos.com\/wp-content\/uploads\/2026\/02\/zawory_preizolowane_Globtos-32x21.webp 32w, https:\/\/globtos.com\/wp-content\/uploads\/2026\/02\/zawory_preizolowane_Globtos-600x394.webp 600w, https:\/\/globtos.com\/wp-content\/uploads\/2026\/02\/zawory_preizolowane_Globtos.webp 1120w\" sizes=\"auto, (max-width: 300px) 100vw, 300px\" \/>                        <\/div>\n                        <div class=\"blog-card-info\">\n                          <h3>Pre-insulated Ball Valves for District Heating Networks<\/h3>\n                          <p>In the construction of modern transmission systems, the selection of valves that combine high mechanical strength with excellent insulation properties is of critical importance. GLOBTOS pre-insulated valves are<\/p>\n                          <div class=\"web-btn d-flex\">\n                            <a href=\"https:\/\/globtos.com\/en\/pre-insulated-ball-valves-for-district-heating-networks\/\" class=\"btn btn-light d-flex align-items-center\">Read more<i class=\"bi bi-arrow-right-circle-fill\"><\/i><\/a>\n                          <\/div>\n                        <\/div>\n                      <\/div>\n                    <\/div>\n                                <\/div>\n            <\/div>\n            <div class=\"web-btn d-flex justify-content-center\"> \n              <a href=\"https:\/\/globtos.com\/en\/knowledge-hub\/\" class=\"btn btn-light\">\n                All posts              <\/a>\n            <\/div>\n          <\/div>\n        <\/div>\n      <\/section>\n      \n\n\n<div style=\"height:80px\" aria-hidden=\"true\" class=\"wp-block-spacer\"><\/div>\n\n\n\n<section class=\"wp-block-globtos-blocks-contact-block contact-block\"><div class=\"container\"><div class=\"block-inner\"><div class=\"row\"><div class=\"col-xl-6\"><div class=\"contact-b-content\"><div class=\"block-title-sec\"><p>Direct from the manufacturer: faster, simpler, more reliable.<\/p><div><h2>Call or email us &#8211; we&#8217;ll help you select the right valve today!&nbsp;<\/h2>\n<p data-path-to-node=\"2,1\">&nbsp;<\/p><\/div><\/div><div class=\"contact-list\"><div class=\"contact-row\"><div class=\"icon\"><img decoding=\"async\" src=\"https:\/\/globtos.com\/wp-content\/uploads\/2025\/12\/Group-8.svg\" alt=\"\"\/><\/div><span><a href=\"tel:0048726500100\">0048 726 500 100<\/a><\/span><\/div><div class=\"contact-row\"><div class=\"icon\"><img decoding=\"async\" src=\"https:\/\/globtos.com\/wp-content\/uploads\/2025\/12\/Message.svg\" alt=\"\"\/><\/div><span><a href=\"mailto:shop@globtos.com\">shop@globtos.com<\/a><\/span><\/div><\/div><\/div><\/div><div class=\"col-xl-6\"><div class=\"block-img\"><img decoding=\"async\" src=\"https:\/\/globtos.com\/wp-content\/uploads\/2026\/02\/zawor-kulowy-globtos.webp\" alt=\"\"\/><\/div><\/div><\/div><\/div><\/div><\/section>\n\n\n\n<div style=\"height:80px\" aria-hidden=\"true\" class=\"wp-block-spacer\"><\/div>\n","protected":false},"excerpt":{"rendered":"","protected":false},"author":7,"featured_media":0,"parent":0,"menu_order":0,"comment_status":"closed","ping_status":"closed","template":"template-none.php","meta":{"_acf_changed":false,"inline_featured_image":false,"footnotes":""},"class_list":["post-236","page","type-page","status-publish","hentry"],"acf":[],"_links":{"self":[{"href":"https:\/\/globtos.com\/en\/wp-json\/wp\/v2\/pages\/236","targetHints":{"allow":["GET"]}}],"collection":[{"href":"https:\/\/globtos.com\/en\/wp-json\/wp\/v2\/pages"}],"about":[{"href":"https:\/\/globtos.com\/en\/wp-json\/wp\/v2\/types\/page"}],"author":[{"embeddable":true,"href":"https:\/\/globtos.com\/en\/wp-json\/wp\/v2\/users\/7"}],"replies":[{"embeddable":true,"href":"https:\/\/globtos.com\/en\/wp-json\/wp\/v2\/comments?post=236"}],"version-history":[{"count":7,"href":"https:\/\/globtos.com\/en\/wp-json\/wp\/v2\/pages\/236\/revisions"}],"predecessor-version":[{"id":10631,"href":"https:\/\/globtos.com\/en\/wp-json\/wp\/v2\/pages\/236\/revisions\/10631"}],"wp:attachment":[{"href":"https:\/\/globtos.com\/en\/wp-json\/wp\/v2\/media?parent=236"}],"curies":[{"name":"wp","href":"https:\/\/api.w.org\/{rel}","templated":true}]}}